{"id":155,"date":"2015-02-12T16:39:02","date_gmt":"2015-02-12T16:39:02","guid":{"rendered":"http:\/\/hjl.b41.mytemp.website\/?page_id=155"},"modified":"2022-04-10T18:38:51","modified_gmt":"2022-04-10T18:38:51","slug":"nous-joindre","status":"publish","type":"page","link":"https:\/\/motomag.ca\/?page_id=155","title":{"rendered":"Nous Joindre"},"content":{"rendered":"<div id=\"pl-155\"  class=\"panel-layout\" ><div id=\"pg-155-0\"  class=\"panel-grid panel-no-style\" ><div id=\"pgc-155-0-0\"  class=\"panel-grid-cell\" ><div id=\"panel-155-0-0-0\" class=\"so-panel widget widget_text panel-first-child panel-last-child\" data-index=\"0\" >\t\t\t<div class=\"textwidget\"><p>Email : motomag@hotmail.ca<\/p>\n<p>T\u00e9l\u00e9phone : 418-543-3750<\/p>\n<p>Adresse: 2 Rue du Pont Chicoutumi-Nord, Qu\u00e9bec, G7G 3A5<\/p>\n<\/div>\n\t\t<\/div><\/div><div id=\"pgc-155-0-1\"  class=\"panel-grid-cell\" ><div id=\"panel-155-0-1-0\" class=\"so-panel widget widget_text panel-first-child panel-last-child\" data-index=\"1\" ><h3 class=\"widget-title\">motomag d\u00e9positaire aprilia<\/h3>\t\t\t<div class=\"textwidget\"><iframe src=\"https:\/\/www.google.com\/maps\/embed?pb=!1m18!1m12!1m3!1d2647.039315757375!2d-71.067349!3d48.43658519999999!2m3!1f0!2f0!3f0!3m2!1i1024!2i768!4f13.1!3m3!1m2!1s0x0000000000000000%3A0xbcffa91635494608!2sMoto-Mag!5e0!3m2!1sfr!2sca!4v1423759123457\" frameborder=\"0\" style=\"border:0\"><\/iframe><\/div>\n\t\t<\/div><\/div><\/div><div id=\"pg-155-1\"  class=\"panel-grid panel-no-style\" ><div id=\"pgc-155-1-0\"  class=\"panel-grid-cell panel-grid-cell-empty\" ><\/div><\/div><\/div>","protected":false},"excerpt":{"rendered":"<p>Email : motomag@hotmail.ca T\u00e9l\u00e9phone : 418-543-3750 Adresse: 2 Rue du Pont Chicoutumi-Nord, Qu\u00e9bec, G7G 3A5<\/p>\n","protected":false},"author":1,"featured_media":0,"parent":0,"menu_order":6,"comment_status":"closed","ping_status":"closed","template":"","meta":{"footnotes":""},"class_list":["post-155","page","type-page","status-publish","hentry"],"_links":{"self":[{"href":"https:\/\/motomag.ca\/index.php?rest_route=\/wp\/v2\/pages\/155","targetHints":{"allow":["GET"]}}],"collection":[{"href":"https:\/\/motomag.ca\/index.php?rest_route=\/wp\/v2\/pages"}],"about":[{"href":"https:\/\/motomag.ca\/index.php?rest_route=\/wp\/v2\/types\/page"}],"author":[{"embeddable":true,"href":"https:\/\/motomag.ca\/index.php?rest_route=\/wp\/v2\/users\/1"}],"replies":[{"embeddable":true,"href":"https:\/\/motomag.ca\/index.php?rest_route=%2Fwp%2Fv2%2Fcomments&post=155"}],"version-history":[{"count":7,"href":"https:\/\/motomag.ca\/index.php?rest_route=\/wp\/v2\/pages\/155\/revisions"}],"predecessor-version":[{"id":742,"href":"https:\/\/motomag.ca\/index.php?rest_route=\/wp\/v2\/pages\/155\/revisions\/742"}],"wp:attachment":[{"href":"https:\/\/motomag.ca\/index.php?rest_route=%2Fwp%2Fv2%2Fmedia&parent=155"}],"curies":[{"name":"wp","href":"https:\/\/api.w.org\/{rel}","templated":true}]}}